{"id":90,"date":"2023-02-21T21:32:28","date_gmt":"2023-02-21T20:32:28","guid":{"rendered":"https:\/\/conscalcutta.esteri.it\/?page_id=90"},"modified":"2023-02-21T21:34:21","modified_gmt":"2023-02-21T20:34:21","slug":"codice-fiscale","status":"publish","type":"page","link":"https:\/\/conscalcutta.esteri.it\/it\/servizi-consolari-e-visti\/servizi-per-il-cittadino-italiano\/codice-fiscale\/","title":{"rendered":"Codice fiscale"},"content":{"rendered":"<p><strong>Il codice fiscale<\/strong><\/p>\n<p>(leggere attentamente tutte le istruzioni prima di procedere con la richiesta)<\/p>\n<p><strong>Cos\u2019\u00e8 e a cosa serve<\/strong><br \/>\nIl codice fiscale \u00e9 indispensabile per qualsiasi persona che debba compiere operazioni finanziarie relative a propriet\u00e0 e\/o eredit\u00e0 in Italia e viene quindi rilasciato anche a chi non \u00e9 cittadino italiano.<br \/>\nIl servizio \u00e9 gratuito ed \u00e8 riservato ai privati cittadini; le Aziende o Societ\u00e0 devono richiedere il codice fiscale in Italia alla sede dell&#8217;Agenzia delle Entrate competente per territorio.<\/p>\n<p><strong>Come presentare la richiesta<\/strong><\/p>\n<p>Il cittadino (italiano o straniero) che abbia la necessit\u00e0 di ottenere il codice fiscale pu\u00f2 presentare la richiesta a questo Consolato Generale per e-email (<a href=\"mailto:kolkata.congenerale@esteri.it\">kolkata.congenerale@esteri.it<\/a>) compilando\u00a0<a href=\"https:\/\/conscalcutta.esteri.it\/consolato_calcutta\/resource\/doc\/2022\/01\/modulo_attribuzione_codice_fiscale.pdf\">l\u2019apposito modulo<\/a>, allegando la fotocopia del proprio passaporto (compresa la pagina con dati di residenza).<\/p>\n<p>Si fa presente che il servizio \u00e8 riservato ai privati cittadini; le aziende o societ\u00e0 devono richiedere il codice fiscale direttamente all\u2019Agenzia delle Entrate in Italia.<\/p>\n<p><strong>In caso di smarrimento<\/strong><br \/>\nIn caso di smarrimento o distruzione del codice fiscale, il duplicato pu\u00f2 essere richiesto con le stesse modalit\u00e0 dell\u2019attribuzione.<\/p>\n<p><strong>Codice PIN per accedere ai servizi telematici di FISCONLINE<\/strong><br \/>\nI cittadini italiani temporaneamente all\u2019estero e quelli iscritti all\u2019Aire (Anagrafe Italiani Residenti all\u2019Estero) possono avvalersi del servizio telematico di presentazione delle dichiarazioni dei redditi, denominato Fisconline (&gt; sito web dell&#8217;Agenzia delle Entrate)<br \/>\nPer poter usufruire del servizio presso il Consolato occorre inviare una mail a:\u00a0<a href=\"mailto:kolkata.congenerale@esteri.it\">kolkata.congenerale@esteri.it<\/a>, allegando una scansione del proprio documento di identit\u00e0 in corso di validita\u2019 (passaporto o carta d\u2019identit\u00e0) e la richiesta del codice pin, effettuata all\u2019Agenzia delle Entrate.<\/p>\n<p>Il Consolato provvedera\u2019 alla validazione della richiesta e inviera\u2019 al richiedente le prime 4 cifre del codice Pin, la password per il primo accesso all\u2019area riservata dei servizi telematici e le istruzioni per ottenere la seconda parte del codice pin dall\u2019Agenzia delle Entrate.<\/p>\n","protected":false},"excerpt":{"rendered":"Il codice fiscale (leggere attentamente tutte le istruzioni prima di procedere con la richiesta) Cos\u2019\u00e8 e a cosa serve Il codice fiscale \u00e9 indispensabile per qualsiasi persona che debba compiere operazioni finanziarie relative a propriet\u00e0 e\/o eredit\u00e0 in Italia e viene quindi rilasciato anche a chi non \u00e9 cittadino italiano. Il servizio \u00e9 gratuito ed [&hellip;]","protected":false},"author":1,"featured_media":0,"parent":39,"menu_order":20,"comment_status":"closed","ping_status":"closed","template":"","meta":{"footnotes":""},"class_list":["post-90","page","type-page","status-publish","hentry"],"_links":{"self":[{"href":"https:\/\/conscalcutta.esteri.it\/it\/wp-json\/wp\/v2\/pages\/90","targetHints":{"allow":["GET"]}}],"collection":[{"href":"https:\/\/conscalcutta.esteri.it\/it\/wp-json\/wp\/v2\/pages"}],"about":[{"href":"https:\/\/conscalcutta.esteri.it\/it\/wp-json\/wp\/v2\/types\/page"}],"author":[{"embeddable":true,"href":"https:\/\/conscalcutta.esteri.it\/it\/wp-json\/wp\/v2\/users\/1"}],"replies":[{"embeddable":true,"href":"https:\/\/conscalcutta.esteri.it\/it\/wp-json\/wp\/v2\/comments?post=90"}],"version-history":[{"count":0,"href":"https:\/\/conscalcutta.esteri.it\/it\/wp-json\/wp\/v2\/pages\/90\/revisions"}],"up":[{"embeddable":true,"href":"https:\/\/conscalcutta.esteri.it\/it\/wp-json\/wp\/v2\/pages\/39"}],"wp:attachment":[{"href":"https:\/\/conscalcutta.esteri.it\/it\/wp-json\/wp\/v2\/media?parent=90"}],"curies":[{"name":"wp","href":"https:\/\/api.w.org\/{rel}","templated":true}]}}